{"id":711,"date":"2016-03-01T18:47:07","date_gmt":"2016-03-01T17:47:07","guid":{"rendered":"http:\/\/v2.protect-plus-assurances.fr\/?page_id=711"},"modified":"2021-12-21T11:11:48","modified_gmt":"2021-12-21T10:11:48","slug":"intro-formulaire-devis-automobile","status":"publish","type":"page","link":"https:\/\/myagencyinside.com\/maquettes\/protect-plus-assurances\/intro-formulaire-devis-automobile\/","title":{"rendered":"Bon \u00e0 savoir &#8211; Assurance Automobile"},"content":{"rendered":"\t\t<div data-elementor-type=\"wp-page\" data-elementor-id=\"711\" class=\"elementor elementor-711\" data-elementor-post-type=\"page\">\n\t\t\t\t\t\t<section class=\"elementor-section elementor-top-section elementor-element elementor-element-f27da36 elementor-section-boxed elementor-section-height-default elementor-section-height-default\" data-id=\"f27da36\" data-element_type=\"section\" data-e-type=\"section\">\n\t\t\t\t\t\t<div class=\"elementor-container elementor-column-gap-default\">\n\t\t\t\t\t<div class=\"elementor-column elementor-col-100 elementor-top-column elementor-element elementor-element-0e17873\" data-id=\"0e17873\" data-element_type=\"column\" data-e-type=\"column\">\n\t\t\t<div class=\"elementor-widget-wrap elementor-element-populated\">\n\t\t\t\t\t\t<div class=\"elementor-element elementor-element-50a26dc elementor-widget elementor-widget-spacer\" data-id=\"50a26dc\" data-element_type=\"widget\" data-e-type=\"widget\" data-widget_type=\"spacer.default\">\n\t\t\t\t<div class=\"elementor-widget-container\">\n\t\t\t\t\t\t\t<div class=\"elementor-spacer\">\n\t\t\t<div class=\"elementor-spacer-inner\"><\/div>\n\t\t<\/div>\n\t\t\t\t\t\t<\/div>\n\t\t\t\t<\/div>\n\t\t\t\t\t<\/div>\n\t\t<\/div>\n\t\t\t\t\t<\/div>\n\t\t<\/section>\n\t\t\t\t<section class=\"elementor-section elementor-top-section elementor-element elementor-element-4b08c27 elementor-section-boxed elementor-section-height-default elementor-section-height-default\" data-id=\"4b08c27\" data-element_type=\"section\" data-e-type=\"section\">\n\t\t\t\t\t\t<div class=\"elementor-container elementor-column-gap-default\">\n\t\t\t\t\t<div class=\"elementor-column elementor-col-66 elementor-top-column elementor-element elementor-element-4f9fcaa\" data-id=\"4f9fcaa\" data-element_type=\"column\" data-e-type=\"column\">\n\t\t\t<div class=\"elementor-widget-wrap elementor-element-populated\">\n\t\t\t\t\t\t<div class=\"elementor-element elementor-element-b9bb59d elementor-widget elementor-widget-heading\" data-id=\"b9bb59d\" data-element_type=\"widget\" data-e-type=\"widget\" data-widget_type=\"heading.default\">\n\t\t\t\t<div class=\"elementor-widget-container\">\n\t\t\t\t\t<h2 class=\"elementor-heading-title elementor-size-default\">Bon \u00e0 savoir - Assurance Automobile<\/h2>\t\t\t\t<\/div>\n\t\t\t\t<\/div>\n\t\t\t\t\t<\/div>\n\t\t<\/div>\n\t\t\t\t<div class=\"elementor-column elementor-col-33 elementor-top-column elementor-element elementor-element-49a23c7\" data-id=\"49a23c7\" data-element_type=\"column\" data-e-type=\"column\">\n\t\t\t<div class=\"elementor-widget-wrap elementor-element-populated\">\n\t\t\t\t\t\t<div class=\"elementor-element elementor-element-fafbc10 elementor-align-right elementor-widget elementor-widget-button\" data-id=\"fafbc10\" data-element_type=\"widget\" data-e-type=\"widget\" data-widget_type=\"button.default\">\n\t\t\t\t<div class=\"elementor-widget-container\">\n\t\t\t\t\t\t\t\t\t<div class=\"elementor-button-wrapper\">\n\t\t\t\t\t<a class=\"elementor-button elementor-button-link elementor-size-xs\" href=\"\/devis-assurance-automobile\/#form\">\n\t\t\t\t\t\t<span class=\"elementor-button-content-wrapper\">\n\t\t\t\t\t\t<span class=\"elementor-button-icon\">\n\t\t\t\t<i aria-hidden=\"true\" class=\"th-linea icon th-linea icon-basic-paperplane\"><\/i>\t\t\t<\/span>\n\t\t\t\t\t\t\t\t\t<span class=\"elementor-button-text\">FAIRE UN DEVIS<\/span>\n\t\t\t\t\t<\/span>\n\t\t\t\t\t<\/a>\n\t\t\t\t<\/div>\n\t\t\t\t\t\t\t\t<\/div>\n\t\t\t\t<\/div>\n\t\t\t\t\t<\/div>\n\t\t<\/div>\n\t\t\t\t\t<\/div>\n\t\t<\/section>\n\t\t\t\t<section class=\"elementor-section elementor-top-section elementor-element elementor-element-543767e5 elementor-section-boxed elementor-section-height-default elementor-section-height-default\" data-id=\"543767e5\" data-element_type=\"section\" data-e-type=\"section\">\n\t\t\t\t\t\t<div class=\"elementor-container elementor-column-gap-default\">\n\t\t\t\t\t<div class=\"elementor-column elementor-col-100 elementor-top-column elementor-element elementor-element-7a6cd769\" data-id=\"7a6cd769\" data-element_type=\"column\" data-e-type=\"column\">\n\t\t\t<div class=\"elementor-widget-wrap elementor-element-populated\">\n\t\t\t\t\t\t<div class=\"elementor-element elementor-element-7944f32a elementor-widget elementor-widget-text-editor\" data-id=\"7944f32a\" data-element_type=\"widget\" data-e-type=\"widget\" data-widget_type=\"text-editor.default\">\n\t\t\t\t<div class=\"elementor-widget-container\">\n\t\t\t\t\t\t\t\t\t<p style=\"text-align: justify;\"><img fetchpriority=\"high\" decoding=\"async\" data-recalc-dims=\"1\" class=\"alignleft wp-image-1412 size-medium\" src=\"https:\/\/i0.wp.com\/myagencyinside.com\/maquettes\/protect-plus-assurances\/wp-content\/uploads\/2016\/03\/33356430_l.jpg?resize=300%2C200&#038;ssl=1\" alt=\"assurance auto\" width=\"300\" height=\"200\" srcset=\"https:\/\/i0.wp.com\/myagencyinside.com\/maquettes\/protect-plus-assurances\/wp-content\/uploads\/2016\/03\/33356430_l.jpg?w=2508&amp;ssl=1 2508w, https:\/\/i0.wp.com\/myagencyinside.com\/maquettes\/protect-plus-assurances\/wp-content\/uploads\/2016\/03\/33356430_l.jpg?resize=300%2C200&amp;ssl=1 300w, https:\/\/i0.wp.com\/myagencyinside.com\/maquettes\/protect-plus-assurances\/wp-content\/uploads\/2016\/03\/33356430_l.jpg?resize=768%2C512&amp;ssl=1 768w, https:\/\/i0.wp.com\/myagencyinside.com\/maquettes\/protect-plus-assurances\/wp-content\/uploads\/2016\/03\/33356430_l.jpg?resize=1024%2C683&amp;ssl=1 1024w, https:\/\/i0.wp.com\/myagencyinside.com\/maquettes\/protect-plus-assurances\/wp-content\/uploads\/2016\/03\/33356430_l.jpg?resize=200%2C133&amp;ssl=1 200w, https:\/\/i0.wp.com\/myagencyinside.com\/maquettes\/protect-plus-assurances\/wp-content\/uploads\/2016\/03\/33356430_l.jpg?w=2280&amp;ssl=1 2280w\" sizes=\"(max-width: 300px) 100vw, 300px\" \/>Avant de vous d\u00e9tailler les garanties de base de notre <a href=\"http:\/\/protect-plus-assurances.fr\/devis-assurance-automobile\/\" target=\"_blank\" rel=\"noopener noreferrer nofollow\">assurance automobile<\/a>, il convient de revenir sur quelques principes l\u00e9gaux ;<\/p>\n<p>Une assurance est obligatoire : Le contrat a pour but de garantir le conducteur d&rsquo;un v\u00e9hicule automobile contre les cons\u00e9quences des dommages mat\u00e9riels ou corporels caus\u00e9s par son v\u00e9hicule \u00e0 des tiers.<\/p>\n<p>En fonction du type de contrat souscrit, votre assurance peut \u00e9galement couvrir les dommages mat\u00e9riels pour le v\u00e9hicule assur\u00e9 et les dommages corporels du conducteur.<\/p>\n<p>Au-del\u00e0 de l&rsquo;obligation l\u00e9gale, les assureurs proposent des garanties facultatives \u00e0 souscrire selon vos besoins sp\u00e9cifiques.<\/p>\n<p>L\u2019int\u00e9r\u00eat de souscrire \u00e0 notre\u00a0assurance\u00a0:<\/p>\n<ul>\n<li>Une obligation l\u00e9gale ;<\/li>\n<li>Une couverture imm\u00e9diate et une prise en charge totale dans le cadre d\u2019un accident impliquant le v\u00e9hicule assur\u00e9 .<\/li>\n<\/ul>\n<p>Protect Plus Assurances vous propose une offre id\u00e9ale adapt\u00e9e \u00e0 vos besoins m\u00eame pour assurer les profils exclus des autres compagnies d&rsquo;assurances. Profils maluss\u00e9s et ayant des sinistres pourront avoir acc\u00e8s \u00e0 l&rsquo;assurance voiture propos\u00e9e par notre compagnie d&rsquo;assurances en ligne. Obtenez en quelques clics seulement, un devis gratuit pour connaitre le prix de votre assurance auto pas cher. Sachez ainsi tr\u00e8s rapidement le prix de votre assurance en remplissant le formulaire de devis.<\/p>\n<h2>B\u00e9n\u00e9ficiez d\u2019une assurance automobile en fonction de votre profil<\/h2>\n<p>En tout premier lieu, sachez que nous sommes \u00e0 vos c\u00f4t\u00e9s pour vous proposer une assurance automobile compl\u00e8te. Vous disposez ainsi d\u2019une offre accessible et efficace, peu importe votre profil. En effet, notre offre s\u2019adapte parfaitement aux profils des conducteurs de 18 \u00e0 74 ans. De ce fait, si vous connaissez une r\u00e9siliation par votre ancienne compagnie d\u2019assurances, nous sommes ouverts pour vous accueillir.<\/p>\n<p>De surcro\u00eet si vous \u00eates un jeune conducteur, notre assurance automobile est faite pour vous. De m\u00eame en cas de r\u00e9siliation pour alcool\u00e9mie ou une r\u00e9siliation pour non-paiement.<\/p>\n<p>De ce fait, ne restez pas dans l\u2019ill\u00e9galit\u00e9 et optez d\u00e8s \u00e0 pr\u00e9sent pour le bon contrat d\u2019assurance. Ainsi, vous pouvez prendre la route en toute s\u00e9r\u00e9nit\u00e9 et sans craindre une sanction. En effet, le d\u00e9faut d\u2019assurance est un d\u00e9lit r\u00e9pr\u00e9hensible par la loi. Vous vous exposez \u00e0 une amende jusqu\u2019\u00e0 3750 \u20ac, la suspension du permis de conduire et la confiscation du v\u00e9hicule.<\/p>\n\n<h2>Notre assurance automobile pour jeune conducteur<\/h2>\n<p><a href=\"https:\/\/myagencyinside.com\/maquettes\/protect-plus-assurances\/intro-formulaire-devis-automobile\/\"><img decoding=\"async\" data-recalc-dims=\"1\" class=\"alignleft wp-image-2347 size-medium\" src=\"https:\/\/i0.wp.com\/myagencyinside.com\/maquettes\/protect-plus-assurances\/wp-content\/uploads\/2021\/01\/15448471_l.jpg?resize=300%2C200&#038;ssl=1\" alt=\"Assurance auto jeune conducteur \" width=\"300\" height=\"200\" \/><\/a><\/p>\n<p>Pour commencer, nous mettons \u00e0 votre disposition une assurance absolument compl\u00e8te, simple et innovante. Ce contrat convient parfaitement si vous \u00eates jeunes conducteurs, c\u2019est-\u00e0-dire \u00e0 partir de 18 ans.<\/p>\n<h3>La cible<\/h3>\n<ul>\n<li>Ce type de contrat s\u2019adresse directement aux nouveaux conducteurs d\u00e8s 18 ans.<\/li>\n<li>De plus, en l\u2019absence d\u2019une assurance pr\u00e9alable, notre offre est \u00e9galement valable.<\/li>\n<li><a href=\"https:\/\/fr.wikipedia.org\/wiki\/Bonus_malus_(assurance)\" target=\"_blank\" rel=\"noopener noreferrer nofollow\">Bonus 100<\/a>.<\/li>\n<li>Cependant pour b\u00e9n\u00e9ficier de notre contrat, votre permis de conduire doit \u00eatre dat\u00e9 de moins de 36 mois.<\/li>\n<\/ul>\n<p>\u00c0 partir du moment o\u00f9 l\u2019ensemble des conditions sont valables, alors vous profitez d\u2019avantages exclusifs.<\/p>\n<h3>Les Plus produit<\/h3>\n<ul>\n<li>Des tarifs tr\u00e8s comp\u00e9titifs<\/li>\n<li>Une franchise modulable.<\/li>\n<li>Mais ce n\u2019est pas tout, vous disposez d\u2019une assistance sans franchise kilom\u00e9trique avec v\u00e9hicule de remplacement en option.<\/li>\n<li>Enfin concernant le prix de la cotisation assurance, elle s\u2019ajuste automatiquement par rapport au nombre de kilom\u00e8tres parcourus.<\/li>\n<\/ul>\n<p>Nous comprenons qu\u2019\u00eatre un jeune conducteur n\u2019est pas toujours \u00e9vident. C\u2019est pourquoi nous sommes pr\u00e9sents \u00e0 vos c\u00f4t\u00e9s pour vous accompagner dans cette nouvelle aventure routi\u00e8re.<\/p>\n<h2>Comment effectuer la souscription de notre contrat d\u2019assurance automobile ?<\/h2>\n<p>Premi\u00e8rement, nous \u00e9tudions avec pr\u00e9cision votre dossier. Vous devez imp\u00e9rativement nous communiquer l\u2019ensemble des informations pour \u00e9tablir un devis sur-mesure. Comme vous le savez, nos conditions d\u2019acceptation demeurent particuli\u00e8rement souples. Dans ces conditions, il est pr\u00e9f\u00e9rable d\u2019\u00eatre le plus honn\u00eate possible car ces renseignements sont d\u00e9terminants.<\/p>\n<p>Gr\u00e2ce \u00e0 cela, vous obtenez un devis rapidement. Vous choisissez la meilleure offre en fonction de votre profil et de vos attentes. De plus, la tarification demeure particuli\u00e8rement attractive, m\u00eame avec un profil plus difficile. Au final, peu importe les conditions de votre r\u00e9siliation, nous vous accompagnons totalement au cours de votre d\u00e9marche.<\/p>\n<p>D\u00e8s \u00e0 pr\u00e9sent, choisissez notre comparatif d\u2019assurances et notre offre pour trouver le meilleur contrat d\u2019assurance automobile.<\/p>\n\t\t\t\t\t\t\t\t<\/div>\n\t\t\t\t<\/div>\n\t\t\t\t\t<\/div>\n\t\t<\/div>\n\t\t\t\t\t<\/div>\n\t\t<\/section>\n\t\t\t\t<\/div>\n\t\t","protected":false},"excerpt":{"rendered":"<p>Bon \u00e0 savoir &#8211; Assurance Automobile FAIRE UN DEVIS Avant de vous d\u00e9tailler les garanties de base de notre assurance automobile, il convient de revenir sur quelques principes l\u00e9gaux ; Une assurance est obligatoire : Le contrat a pour but &hellip; <a href=\"https:\/\/myagencyinside.com\/maquettes\/protect-plus-assurances\/intro-formulaire-devis-automobile\/\">Read More<\/a><\/p>\n","protected":false},"author":4,"featured_media":0,"parent":0,"menu_order":0,"comment_status":"closed","ping_status":"closed","template":"","meta":{"jetpack_post_was_ever_published":false,"footnotes":""},"class_list":["post-711","page","type-page","status-publish","hentry"],"yoast_head":"<!-- This site is optimized with the Yoast SEO Premium plugin v26.9 (Yoast SEO v27.2) - https:\/\/yoast.com\/product\/yoast-seo-premium-wordpress\/ -->\n<title>Une assurance automobile compl\u00e8te pour tous les profils de conducteur<\/title>\n<meta name=\"description\" content=\"Nous proposons une assurance automobile qui s\u2019adapte \u00e0 tous les profils d\u2019assur\u00e9, m\u00eame en cas de r\u00e9siliation par votre ancien assureur\" \/>\n<meta name=\"robots\" content=\"index, follow, max-snippet:-1, max-image-preview:large, max-video-preview:-1\" \/>\n<link rel=\"canonical\" href=\"https:\/\/myagencyinside.com\/maquettes\/protect-plus-assurances\/intro-formulaire-devis-automobile\/\" \/>\n<meta property=\"og:locale\" content=\"fr_FR\" \/>\n<meta property=\"og:type\" content=\"article\" \/>\n<meta property=\"og:title\" content=\"Bon \u00e0 savoir assurance automobile\" \/>\n<meta property=\"og:description\" content=\"Tout ce qu&#039;il faut savoir sur l&#039;assurance automobile nos offres au meilleur prix\" \/>\n<meta property=\"og:url\" content=\"https:\/\/myagencyinside.com\/maquettes\/protect-plus-assurances\/intro-formulaire-devis-automobile\/\" \/>\n<meta property=\"og:site_name\" content=\"Protect Plus Assurances\" \/>\n<meta property=\"article:publisher\" content=\"https:\/\/www.facebook.com\/protectplusassurances\/\" \/>\n<meta property=\"article:modified_time\" content=\"2021-12-21T10:11:48+00:00\" \/>\n<meta name=\"twitter:card\" content=\"summary_large_image\" \/>\n<meta name=\"twitter:title\" content=\"Bon \u00e0 savoir - Assurance Automobile\" \/>\n<meta name=\"twitter:image\" content=\"https:\/\/i0.wp.com\/myagencyinside.com\/maquettes\/protect-plus-assurances\/wp-content\/uploads\/2016\/03\/33356430_l.jpg?fit=2508%2C1672&ssl=1\" \/>\n<meta name=\"twitter:site\" content=\"@protect_assu\" \/>\n<meta name=\"twitter:label1\" content=\"Dur\u00e9e de lecture estim\u00e9e\" \/>\n\t<meta name=\"twitter:data1\" content=\"4 minutes\" \/>\n<script type=\"application\/ld+json\" class=\"yoast-schema-graph\">{\"@context\":\"https:\/\/schema.org\",\"@graph\":[{\"@type\":\"WebPage\",\"@id\":\"https:\/\/myagencyinside.com\/maquettes\/protect-plus-assurances\/intro-formulaire-devis-automobile\/\",\"url\":\"https:\/\/myagencyinside.com\/maquettes\/protect-plus-assurances\/intro-formulaire-devis-automobile\/\",\"name\":\"Une assurance automobile compl\u00e8te pour tous les profils de conducteur\",\"isPartOf\":{\"@id\":\"https:\/\/myagencyinside.com\/maquettes\/protect-plus-assurances\/#website\"},\"primaryImageOfPage\":{\"@id\":\"https:\/\/myagencyinside.com\/maquettes\/protect-plus-assurances\/intro-formulaire-devis-automobile\/#primaryimage\"},\"image\":{\"@id\":\"https:\/\/myagencyinside.com\/maquettes\/protect-plus-assurances\/intro-formulaire-devis-automobile\/#primaryimage\"},\"thumbnailUrl\":\"https:\/\/myagencyinside.com\/maquettes\/protect-plus-assurances\/wp-content\/uploads\/2016\/03\/33356430_l-300x200.jpg\",\"datePublished\":\"2016-03-01T17:47:07+00:00\",\"dateModified\":\"2021-12-21T10:11:48+00:00\",\"description\":\"Nous proposons une assurance automobile qui s\u2019adapte \u00e0 tous les profils d\u2019assur\u00e9, m\u00eame en cas de r\u00e9siliation par votre ancien assureur\",\"breadcrumb\":{\"@id\":\"https:\/\/myagencyinside.com\/maquettes\/protect-plus-assurances\/intro-formulaire-devis-automobile\/#breadcrumb\"},\"inLanguage\":\"fr-FR\",\"potentialAction\":[{\"@type\":\"ReadAction\",\"target\":[\"https:\/\/myagencyinside.com\/maquettes\/protect-plus-assurances\/intro-formulaire-devis-automobile\/\"]}]},{\"@type\":\"ImageObject\",\"inLanguage\":\"fr-FR\",\"@id\":\"https:\/\/myagencyinside.com\/maquettes\/protect-plus-assurances\/intro-formulaire-devis-automobile\/#primaryimage\",\"url\":\"https:\/\/i0.wp.com\/myagencyinside.com\/maquettes\/protect-plus-assurances\/wp-content\/uploads\/2016\/03\/33356430_l.jpg?fit=2508%2C1672&ssl=1\",\"contentUrl\":\"https:\/\/i0.wp.com\/myagencyinside.com\/maquettes\/protect-plus-assurances\/wp-content\/uploads\/2016\/03\/33356430_l.jpg?fit=2508%2C1672&ssl=1\",\"width\":2508,\"height\":1672},{\"@type\":\"BreadcrumbList\",\"@id\":\"https:\/\/myagencyinside.com\/maquettes\/protect-plus-assurances\/intro-formulaire-devis-automobile\/#breadcrumb\",\"itemListElement\":[{\"@type\":\"ListItem\",\"position\":1,\"name\":\"Accueil\",\"item\":\"https:\/\/myagencyinside.com\/maquettes\/protect-plus-assurances\/\"},{\"@type\":\"ListItem\",\"position\":2,\"name\":\"Bon \u00e0 savoir &#8211; Assurance Automobile\"}]},{\"@type\":\"WebSite\",\"@id\":\"https:\/\/myagencyinside.com\/maquettes\/protect-plus-assurances\/#website\",\"url\":\"https:\/\/myagencyinside.com\/maquettes\/protect-plus-assurances\/\",\"name\":\"Protect Plus Assurances\",\"description\":\"Une assurance au meilleur prix\",\"publisher\":{\"@id\":\"https:\/\/myagencyinside.com\/maquettes\/protect-plus-assurances\/#organization\"},\"potentialAction\":[{\"@type\":\"SearchAction\",\"target\":{\"@type\":\"EntryPoint\",\"urlTemplate\":\"https:\/\/myagencyinside.com\/maquettes\/protect-plus-assurances\/?s={search_term_string}\"},\"query-input\":{\"@type\":\"PropertyValueSpecification\",\"valueRequired\":true,\"valueName\":\"search_term_string\"}}],\"inLanguage\":\"fr-FR\"},{\"@type\":\"Organization\",\"@id\":\"https:\/\/myagencyinside.com\/maquettes\/protect-plus-assurances\/#organization\",\"name\":\"protect plus assurances\",\"url\":\"https:\/\/myagencyinside.com\/maquettes\/protect-plus-assurances\/\",\"logo\":{\"@type\":\"ImageObject\",\"inLanguage\":\"fr-FR\",\"@id\":\"https:\/\/myagencyinside.com\/maquettes\/protect-plus-assurances\/#\/schema\/logo\/image\/\",\"url\":\"https:\/\/protect-plus-assurances.fr\/wp-content\/uploads\/2021\/05\/output-onlinepngtools.png\",\"contentUrl\":\"https:\/\/protect-plus-assurances.fr\/wp-content\/uploads\/2021\/05\/output-onlinepngtools.png\",\"width\":295,\"height\":74,\"caption\":\"protect plus assurances\"},\"image\":{\"@id\":\"https:\/\/myagencyinside.com\/maquettes\/protect-plus-assurances\/#\/schema\/logo\/image\/\"},\"sameAs\":[\"https:\/\/www.facebook.com\/protectplusassurances\/\",\"https:\/\/x.com\/protect_assu\",\"https:\/\/www.linkedin.com\/company\/protect-assurances\",\"https:\/\/www.youtube.com\/channel\/UCoRo994H19PK9HqaTd7y0tg\"]}]}<\/script>\n<!-- \/ Yoast SEO Premium plugin. -->","yoast_head_json":{"title":"Une assurance automobile compl\u00e8te pour tous les profils de conducteur","description":"Nous proposons une assurance automobile qui s\u2019adapte \u00e0 tous les profils d\u2019assur\u00e9, m\u00eame en cas de r\u00e9siliation par votre ancien assureur","robots":{"index":"index","follow":"follow","max-snippet":"max-snippet:-1","max-image-preview":"max-image-preview:large","max-video-preview":"max-video-preview:-1"},"canonical":"https:\/\/myagencyinside.com\/maquettes\/protect-plus-assurances\/intro-formulaire-devis-automobile\/","og_locale":"fr_FR","og_type":"article","og_title":"Bon \u00e0 savoir assurance automobile","og_description":"Tout ce qu'il faut savoir sur l'assurance automobile nos offres au meilleur prix","og_url":"https:\/\/myagencyinside.com\/maquettes\/protect-plus-assurances\/intro-formulaire-devis-automobile\/","og_site_name":"Protect Plus Assurances","article_publisher":"https:\/\/www.facebook.com\/protectplusassurances\/","article_modified_time":"2021-12-21T10:11:48+00:00","twitter_card":"summary_large_image","twitter_title":"Bon \u00e0 savoir - Assurance Automobile","twitter_image":"https:\/\/i0.wp.com\/myagencyinside.com\/maquettes\/protect-plus-assurances\/wp-content\/uploads\/2016\/03\/33356430_l.jpg?fit=2508%2C1672&ssl=1","twitter_site":"@protect_assu","twitter_misc":{"Dur\u00e9e de lecture estim\u00e9e":"4 minutes"},"schema":{"@context":"https:\/\/schema.org","@graph":[{"@type":"WebPage","@id":"https:\/\/myagencyinside.com\/maquettes\/protect-plus-assurances\/intro-formulaire-devis-automobile\/","url":"https:\/\/myagencyinside.com\/maquettes\/protect-plus-assurances\/intro-formulaire-devis-automobile\/","name":"Une assurance automobile compl\u00e8te pour tous les profils de conducteur","isPartOf":{"@id":"https:\/\/myagencyinside.com\/maquettes\/protect-plus-assurances\/#website"},"primaryImageOfPage":{"@id":"https:\/\/myagencyinside.com\/maquettes\/protect-plus-assurances\/intro-formulaire-devis-automobile\/#primaryimage"},"image":{"@id":"https:\/\/myagencyinside.com\/maquettes\/protect-plus-assurances\/intro-formulaire-devis-automobile\/#primaryimage"},"thumbnailUrl":"https:\/\/myagencyinside.com\/maquettes\/protect-plus-assurances\/wp-content\/uploads\/2016\/03\/33356430_l-300x200.jpg","datePublished":"2016-03-01T17:47:07+00:00","dateModified":"2021-12-21T10:11:48+00:00","description":"Nous proposons une assurance automobile qui s\u2019adapte \u00e0 tous les profils d\u2019assur\u00e9, m\u00eame en cas de r\u00e9siliation par votre ancien assureur","breadcrumb":{"@id":"https:\/\/myagencyinside.com\/maquettes\/protect-plus-assurances\/intro-formulaire-devis-automobile\/#breadcrumb"},"inLanguage":"fr-FR","potentialAction":[{"@type":"ReadAction","target":["https:\/\/myagencyinside.com\/maquettes\/protect-plus-assurances\/intro-formulaire-devis-automobile\/"]}]},{"@type":"ImageObject","inLanguage":"fr-FR","@id":"https:\/\/myagencyinside.com\/maquettes\/protect-plus-assurances\/intro-formulaire-devis-automobile\/#primaryimage","url":"https:\/\/i0.wp.com\/myagencyinside.com\/maquettes\/protect-plus-assurances\/wp-content\/uploads\/2016\/03\/33356430_l.jpg?fit=2508%2C1672&ssl=1","contentUrl":"https:\/\/i0.wp.com\/myagencyinside.com\/maquettes\/protect-plus-assurances\/wp-content\/uploads\/2016\/03\/33356430_l.jpg?fit=2508%2C1672&ssl=1","width":2508,"height":1672},{"@type":"BreadcrumbList","@id":"https:\/\/myagencyinside.com\/maquettes\/protect-plus-assurances\/intro-formulaire-devis-automobile\/#breadcrumb","itemListElement":[{"@type":"ListItem","position":1,"name":"Accueil","item":"https:\/\/myagencyinside.com\/maquettes\/protect-plus-assurances\/"},{"@type":"ListItem","position":2,"name":"Bon \u00e0 savoir &#8211; Assurance Automobile"}]},{"@type":"WebSite","@id":"https:\/\/myagencyinside.com\/maquettes\/protect-plus-assurances\/#website","url":"https:\/\/myagencyinside.com\/maquettes\/protect-plus-assurances\/","name":"Protect Plus Assurances","description":"Une assurance au meilleur prix","publisher":{"@id":"https:\/\/myagencyinside.com\/maquettes\/protect-plus-assurances\/#organization"},"potentialAction":[{"@type":"SearchAction","target":{"@type":"EntryPoint","urlTemplate":"https:\/\/myagencyinside.com\/maquettes\/protect-plus-assurances\/?s={search_term_string}"},"query-input":{"@type":"PropertyValueSpecification","valueRequired":true,"valueName":"search_term_string"}}],"inLanguage":"fr-FR"},{"@type":"Organization","@id":"https:\/\/myagencyinside.com\/maquettes\/protect-plus-assurances\/#organization","name":"protect plus assurances","url":"https:\/\/myagencyinside.com\/maquettes\/protect-plus-assurances\/","logo":{"@type":"ImageObject","inLanguage":"fr-FR","@id":"https:\/\/myagencyinside.com\/maquettes\/protect-plus-assurances\/#\/schema\/logo\/image\/","url":"https:\/\/protect-plus-assurances.fr\/wp-content\/uploads\/2021\/05\/output-onlinepngtools.png","contentUrl":"https:\/\/protect-plus-assurances.fr\/wp-content\/uploads\/2021\/05\/output-onlinepngtools.png","width":295,"height":74,"caption":"protect plus assurances"},"image":{"@id":"https:\/\/myagencyinside.com\/maquettes\/protect-plus-assurances\/#\/schema\/logo\/image\/"},"sameAs":["https:\/\/www.facebook.com\/protectplusassurances\/","https:\/\/x.com\/protect_assu","https:\/\/www.linkedin.com\/company\/protect-assurances","https:\/\/www.youtube.com\/channel\/UCoRo994H19PK9HqaTd7y0tg"]}]}},"jetpack_sharing_enabled":true,"_links":{"self":[{"href":"https:\/\/myagencyinside.com\/maquettes\/protect-plus-assurances\/wp-json\/wp\/v2\/pages\/711","targetHints":{"allow":["GET"]}}],"collection":[{"href":"https:\/\/myagencyinside.com\/maquettes\/protect-plus-assurances\/wp-json\/wp\/v2\/pages"}],"about":[{"href":"https:\/\/myagencyinside.com\/maquettes\/protect-plus-assurances\/wp-json\/wp\/v2\/types\/page"}],"author":[{"embeddable":true,"href":"https:\/\/myagencyinside.com\/maquettes\/protect-plus-assurances\/wp-json\/wp\/v2\/users\/4"}],"replies":[{"embeddable":true,"href":"https:\/\/myagencyinside.com\/maquettes\/protect-plus-assurances\/wp-json\/wp\/v2\/comments?post=711"}],"version-history":[{"count":0,"href":"https:\/\/myagencyinside.com\/maquettes\/protect-plus-assurances\/wp-json\/wp\/v2\/pages\/711\/revisions"}],"wp:attachment":[{"href":"https:\/\/myagencyinside.com\/maquettes\/protect-plus-assurances\/wp-json\/wp\/v2\/media?parent=711"}],"curies":[{"name":"wp","href":"https:\/\/api.w.org\/{rel}","templated":true}]}}