{"id":2647,"date":"2025-09-30T22:07:30","date_gmt":"2025-09-30T20:07:30","guid":{"rendered":"https:\/\/myagencyinside.com\/maquettes\/son-plus-beau-reve\/?page_id=2647"},"modified":"2025-09-30T22:13:13","modified_gmt":"2025-09-30T20:13:13","slug":"mentions-legales","status":"publish","type":"page","link":"https:\/\/myagencyinside.com\/maquettes\/son-plus-beau-reve\/mentions-legales\/","title":{"rendered":"Mentions L\u00e9gales"},"content":{"rendered":"\t\t<div data-elementor-type=\"wp-page\" data-elementor-id=\"2647\" class=\"elementor elementor-2647\">\n\t\t\t\t<div class=\"elementor-element elementor-element-3b89802 e-flex e-con-boxed wpr-particle-no wpr-jarallax-no wpr-parallax-no wpr-sticky-section-no e-con e-parent\" data-id=\"3b89802\" data-element_type=\"container\">\n\t\t\t\t\t<div class=\"e-con-inner\">\n\t\t\t\t<div class=\"elementor-element elementor-element-c1a23a0 elementor-widget elementor-widget-heading\" data-id=\"c1a23a0\" data-element_type=\"widget\" data-widget_type=\"heading.default\">\n\t\t\t\t<div class=\"elementor-widget-container\">\n\t\t\t\t\t<h2 class=\"elementor-heading-title elementor-size-default\">Mentions l\u00e9gales<\/h2>\t\t\t\t<\/div>\n\t\t\t\t<\/div>\n\t\t\t\t<div class=\"elementor-element elementor-element-04b4bb5 elementor-widget elementor-widget-text-editor\" data-id=\"04b4bb5\" data-element_type=\"widget\" data-widget_type=\"text-editor.default\">\n\t\t\t\t<div class=\"elementor-widget-container\">\n\t\t\t\t\t\t\t\t\t<h3>SON PLUS BEAU REVE<\/h3><p>SIREN : 923 098 800<\/p><p>11 RUE BLANCHE DE CASTILLE 34250 PALAVAS-LES-FLOTS<\/p><p>\u00a0<\/p><h3>Design et R\u00e9alisation<\/h3><p>Agency Inside \u2013 73 rue du Ch\u00e2teau 92100 Boulogne-Billancourt<\/p><p><a href=\"https:\/\/www.agency-inside.com\/\">www.agency-inside.com<\/a><\/p><p>\u00a0<\/p><h3>H\u00e9bergement<\/h3><p><strong>O2Switch<\/strong><\/p><p>Siret : 510 909 807 00024<br \/>RCS Clermont Ferrand<br \/>SAS au capital de 100 000\u20ac<\/p><p><b>Op\u00e9rateur T\u00e9l\u00e9com d\u00e9clar\u00e9 ARCEP<br \/>09\/2989 \u2013 AS50474<\/b><\/p><p>Marque d\u00e9pos\u00e9e INPI : 09 3 645 279<br \/>L\u2019ensemble des \u00e9l\u00e9ments visuels et textuels de ce site<br \/>fait l\u2019objet d\u2019un d\u00e9p\u00f4t INPI-Soleau.<\/p><p>\u00a0<\/p><h3>Clause de non-responsabilit\u00e9<\/h3><p>La responsabilit\u00e9 d\u2019Agency Inside ne peut, en aucune mani\u00e8re, \u00eatre engag\u00e9e quant au contenu des informations figurant sur ce site ou aux cons\u00e9quences pouvant r\u00e9sulter de leur utilisation ou interpr\u00e9tation.<\/p><p>\u00a0<\/p><h3>Propri\u00e9t\u00e9 intellectuelle<\/h3><p>Le site d\u2019Agency Inside est une \u0153uvre de cr\u00e9ation, propri\u00e9t\u00e9 exclusive, prot\u00e9g\u00e9 par la l\u00e9gislation fran\u00e7aise et internationale sur le droit de la propri\u00e9t\u00e9 intellectuelle. Toute reproduction ou distribution non autoris\u00e9e de tout ou partie des \u00e9l\u00e9ments et informations de ce site est interdite. Le contenu est disponible pour un usage priv\u00e9 et non collectif.<\/p><p>Le code de la propri\u00e9t\u00e9 intellectuelle n\u2019autorise, aux termes de l\u2019article L. 122-5.2, d\u2019une part, que les \u00ab copies ou reproductions strictement r\u00e9serv\u00e9es \u00e0 l\u2019usage priv\u00e9 du copiste et non destin\u00e9es \u00e0 une utilisation collective \u00bb et, d\u2019autre part, que les analyses et les courtes citations dans un but d\u2019exemple et d\u2019illustration. \u00ab Toute repr\u00e9sentation ou reproduction int\u00e9grale ou partielle faite sans le consentement de l\u2019auteur ou de ses ayants droit ou ayants cause est illicite \u00bb(art. L. 122-4). Cette repr\u00e9sentation ou reproduction, par quelque proc\u00e9d\u00e9 que ce soit, constituerait donc une contrefa\u00e7on sanctionn\u00e9e par les articles L.335-2 et suivants du code de la propri\u00e9t\u00e9 intellectuelle.<\/p><h3>\u00a0<\/h3><h3>Bases de donn\u00e9es<\/h3><p>Conform\u00e9ment aux dispositions de la loi n\u00b0 98-536 du 1er juillet 1998 portant transposition dans le code de la propri\u00e9t\u00e9 intellectuelle de la directive 96\/9 CE du 11 mars 1996 concernant la protection juridique des bases de donn\u00e9es, Agency Inside est producteur et propri\u00e9taire de tout ou partie des bases de donn\u00e9es composant le pr\u00e9sent site.<\/p><p>En acc\u00e9dant au site de Son Plus Beau R\u00eave, vous reconnaissez que les donn\u00e9es le composant sont l\u00e9galement prot\u00e9g\u00e9es, et, conform\u00e9ment aux dispositions de la loi du 1er juillet 1998 pr\u00e9cit\u00e9e, il vous est interdit notamment d\u2019extraire, r\u00e9utiliser, stocker, reproduire, repr\u00e9senter ou conserver, directement ou indirectement, sur un support quelconque, par tout moyen et sous toute forme que ce soit, tout ou partie du contenu des bases de donn\u00e9es figurant au site auquel vous acc\u00e9dez, ainsi que d\u2019en faire l\u2019extraction ou la r\u00e9utilisation r\u00e9p\u00e9t\u00e9e et syst\u00e9matique de parties qualitativement et quantitativement lorsque ces op\u00e9rations exc\u00e8dent manifestement les conditions d\u2019utilisation normale.<\/p><h3>\u00a0<\/h3><h3>Informatique et libert\u00e9s (CNIL)<\/h3><p>Vous pouvez envoyer des donn\u00e9es vous concernant par ce site \u00e0 Son Plus Beau R\u00eave.<\/p><p>Conform\u00e9ment \u00e0 la loi Informatique et Libert\u00e9s du 6 janvier 1978, vous disposez d\u2019un droit d\u2019acc\u00e8s et de rectification aux informations nominatives vous concernant en \u00e9crivant \u00e0 :<\/p><p>Son Plus Beau R\u00eave<\/p><p>11 rue Blanche de Castille 34250 Palavas Les Flots<\/p><p>\u00a0<\/p><h4>Marques et logos<\/h4><p>Toute utilisation, quelle qu\u2019elle soit, des noms de marque et logos de ce site est interdite sans l\u2019autorisation de Son Plus Beau R\u00eave<\/p><h4>Cr\u00e9dits photographiques et vid\u00e9ographiques<\/h4><p>Toutes les photos et vid\u00e9os pr\u00e9sentes sur ce site sont interdites de reproduction.<br \/>Elles proviennent de Son Plus Beau R\u00eave.<\/p><h4>RGPD \u2013 Politique de confidentialit\u00e9<\/h4><p>Son Plus Beau R\u00eave est soucieux de respecter la confidentialit\u00e9 de ses internautes et inscrits \u00e0 l\u2019enewsletter !<\/p><p>La nouvelle l\u00e9gislation sur la protection des donn\u00e9es de l\u2019Union Europ\u00e9enne (<a href=\"https:\/\/ec.europa.eu\/info\/law\/law-topic\/data-protection\/reform\/rules-business-and-organisations\/principles-gdpr_fr\" target=\"_blank\" rel=\"noopener\">RGPD<\/a>) est entr\u00e9e en vigueur. Nous utilisons le syst\u00e8me Brevo pour envoyer nos Enewsletters et collecter nos emails.<\/p><p><strong>Elle permet :<\/strong><\/p><ul><li>Le droit d\u2019acc\u00e8s : Les inscrits \u00e0 nos enewsletters pourront demander un acc\u00e8s \u00e0 leurs donn\u00e9es personnelles et demander \u00e0 quel usage elles sont utilis\u00e9es<\/li><li>Le droit \u00e0 l\u2019oubli : Les inscrits \u00e0 nos enewsletters peuvent retirer leur consentement \u00e0 l\u2019utilisation de leurs donn\u00e9es par Son Plus Beau R\u00eave. Il suffit d\u2019envoyer un email \u00e0 l\u2019\u00e9quipe pour se d\u00e9sinscrire.<\/li><li>Le droit \u00e0 la portabilit\u00e9 des donn\u00e9es : Les inscrits \u00e0 nos enewsletters ont le droit de r\u00e9cup\u00e9rer leurs donn\u00e9es \u00e0 des fins de r\u00e9utilisation par un autre fournisseur de service.<\/li><li>Le droit d\u2019information : Les inscrits \u00e0 nos enewsletters seront inform\u00e9s de toute collecte de donn\u00e9es les concernant avec leur consentement explicite.<\/li><li>Le droit de notification : En cas de fuite de donn\u00e9es concernant les inscrits \u00e0 nos enewsletters, ils seront inform\u00e9s dans les 72H.<\/li><\/ul><p>Google Analytics<\/p><p>Le site web de Son Plus Beau R\u00eave utilise un tracker Google Analytics, pour analyser le trafic et les conversions. En aucun cas, les emails ou les noms des personnes sont collect\u00e9s. Vous pouvez \u00e9galement bloquer les cookies sur vos navigateurs web (Google Chrome, Safari, Opera, Internet Explorer, Edge et Firefox) afin de ne pas partager d\u2019information de votre visite sur le site web.<\/p>\t\t\t\t\t\t\t\t<\/div>\n\t\t\t\t<\/div>\n\t\t\t\t\t<\/div>\n\t\t\t\t<\/div>\n\t\t\t\t<\/div>\n\t\t","protected":false},"excerpt":{"rendered":"<p>Mentions l\u00e9gales SON PLUS BEAU REVE SIREN : 923 098 800 11 RUE BLANCHE DE CASTILLE 34250 PALAVAS-LES-FLOTS \u00a0 Design et R\u00e9alisation Agency Inside \u2013 73 rue du Ch\u00e2teau 92100 Boulogne-Billancourt www.agency-inside.com \u00a0 H\u00e9bergement O2Switch Siret : 510 909 807 00024RCS Clermont FerrandSAS au capital de 100 000\u20ac Op\u00e9rateur T\u00e9l\u00e9com d\u00e9clar\u00e9 ARCEP09\/2989 \u2013 AS50474 Marque d\u00e9pos\u00e9e INPI : 09 3 645 279L\u2019ensemble des \u00e9l\u00e9ments visuels et textuels de ce sitefait l\u2019objet d\u2019un d\u00e9p\u00f4t INPI-Soleau. \u00a0 Clause de non-responsabilit\u00e9 La responsabilit\u00e9 d\u2019Agency Inside ne peut, en aucune mani\u00e8re, \u00eatre engag\u00e9e quant au contenu des informations figurant sur ce site ou aux cons\u00e9quences pouvant r\u00e9sulter de leur utilisation ou interpr\u00e9tation. \u00a0 Propri\u00e9t\u00e9 intellectuelle Le site d\u2019Agency Inside est une \u0153uvre de cr\u00e9ation, propri\u00e9t\u00e9 exclusive, prot\u00e9g\u00e9 par la l\u00e9gislation fran\u00e7aise et internationale sur le droit de la propri\u00e9t\u00e9 intellectuelle. Toute reproduction ou distribution non autoris\u00e9e de tout ou partie des \u00e9l\u00e9ments et informations de ce site est interdite. Le contenu est disponible pour un usage priv\u00e9 et non collectif. Le code de la propri\u00e9t\u00e9 intellectuelle n\u2019autorise, aux termes de l\u2019article L. 122-5.2, d\u2019une part, que les \u00ab copies ou reproductions strictement r\u00e9serv\u00e9es \u00e0 l\u2019usage priv\u00e9 du copiste et non destin\u00e9es \u00e0 une utilisation collective \u00bb et, d\u2019autre part, que les analyses et les courtes citations dans un but d\u2019exemple et d\u2019illustration. \u00ab Toute repr\u00e9sentation ou reproduction int\u00e9grale ou partielle faite sans le consentement de l\u2019auteur ou de ses ayants droit ou ayants cause est illicite \u00bb(art. L. 122-4). Cette repr\u00e9sentation ou reproduction, par quelque proc\u00e9d\u00e9 que ce soit, constituerait donc une contrefa\u00e7on sanctionn\u00e9e par les articles L.335-2 et suivants du code de la propri\u00e9t\u00e9 intellectuelle. \u00a0 Bases de donn\u00e9es Conform\u00e9ment aux dispositions de la loi n\u00b0 98-536 du 1er juillet 1998 portant transposition dans le code de la propri\u00e9t\u00e9 intellectuelle de la directive 96\/9 CE du 11 mars 1996 concernant la protection juridique des bases de donn\u00e9es, Agency Inside est producteur et propri\u00e9taire de tout ou partie des bases de donn\u00e9es composant le pr\u00e9sent site. En acc\u00e9dant au site de Son Plus Beau R\u00eave, vous reconnaissez que les donn\u00e9es le composant sont l\u00e9galement prot\u00e9g\u00e9es, et, conform\u00e9ment aux dispositions de la loi du 1er juillet 1998 pr\u00e9cit\u00e9e, il vous est interdit notamment d\u2019extraire, r\u00e9utiliser, stocker, reproduire, repr\u00e9senter ou conserver, directement ou indirectement, sur un support quelconque, par tout moyen et sous toute forme que ce soit, tout ou partie du contenu des bases de donn\u00e9es figurant au site auquel vous acc\u00e9dez, ainsi que d\u2019en faire l\u2019extraction ou la r\u00e9utilisation r\u00e9p\u00e9t\u00e9e et syst\u00e9matique de parties qualitativement et quantitativement lorsque ces op\u00e9rations exc\u00e8dent manifestement les conditions d\u2019utilisation normale. \u00a0 Informatique et libert\u00e9s (CNIL) Vous pouvez envoyer des donn\u00e9es vous concernant par ce site \u00e0 Son Plus Beau R\u00eave. Conform\u00e9ment \u00e0 la loi Informatique et Libert\u00e9s du 6 janvier 1978, vous disposez d\u2019un droit d\u2019acc\u00e8s et de rectification aux informations nominatives vous concernant en \u00e9crivant \u00e0 : Son Plus Beau R\u00eave 11 rue Blanche de Castille 34250 Palavas Les Flots \u00a0 Marques et logos Toute utilisation, quelle qu\u2019elle soit, des noms de marque et logos de ce site est interdite sans l\u2019autorisation de Son Plus Beau R\u00eave Cr\u00e9dits photographiques et vid\u00e9ographiques Toutes les photos et vid\u00e9os pr\u00e9sentes sur ce site sont interdites de reproduction.Elles proviennent de Son Plus Beau R\u00eave. RGPD \u2013 Politique de confidentialit\u00e9 Son Plus Beau R\u00eave est soucieux de respecter la confidentialit\u00e9 de ses internautes et inscrits \u00e0 l\u2019enewsletter ! La nouvelle l\u00e9gislation sur la protection des donn\u00e9es de l\u2019Union Europ\u00e9enne (RGPD) est entr\u00e9e en vigueur. Nous utilisons le syst\u00e8me Brevo pour envoyer nos Enewsletters et collecter nos emails. Elle permet : Le droit d\u2019acc\u00e8s : Les inscrits \u00e0 nos enewsletters pourront demander un acc\u00e8s \u00e0 leurs donn\u00e9es personnelles et demander \u00e0 quel usage elles sont utilis\u00e9es Le droit \u00e0 l\u2019oubli : Les inscrits \u00e0 nos enewsletters peuvent retirer leur consentement \u00e0 l\u2019utilisation de leurs donn\u00e9es par Son Plus Beau R\u00eave. Il suffit d\u2019envoyer un email \u00e0 l\u2019\u00e9quipe pour se d\u00e9sinscrire. Le droit \u00e0 la portabilit\u00e9 des donn\u00e9es : Les inscrits \u00e0 nos enewsletters ont le droit de r\u00e9cup\u00e9rer leurs donn\u00e9es \u00e0 des fins de r\u00e9utilisation par un autre fournisseur de service. Le droit d\u2019information : Les inscrits \u00e0 nos enewsletters seront inform\u00e9s de toute collecte de donn\u00e9es les concernant avec leur consentement explicite. Le droit de notification : En cas de fuite de donn\u00e9es concernant les inscrits \u00e0 nos enewsletters, ils seront inform\u00e9s dans les 72H. Google Analytics Le site web de Son Plus Beau R\u00eave utilise un tracker Google Analytics, pour analyser le trafic et les conversions. En aucun cas, les emails ou les noms des personnes sont collect\u00e9s. Vous pouvez \u00e9galement bloquer les cookies sur vos navigateurs web (Google Chrome, Safari, Opera, Internet Explorer, Edge et Firefox) afin de ne pas partager d\u2019information de votre visite sur le site web.<\/p>\n","protected":false},"author":1,"featured_media":0,"parent":0,"menu_order":0,"comment_status":"closed","ping_status":"closed","template":"","meta":{"_seopress_robots_primary_cat":"","_seopress_titles_title":"","_seopress_titles_desc":"","_seopress_robots_index":"","footnotes":""},"class_list":["post-2647","page","type-page","status-publish","hentry"],"_links":{"self":[{"href":"https:\/\/myagencyinside.com\/maquettes\/son-plus-beau-reve\/wp-json\/wp\/v2\/pages\/2647","targetHints":{"allow":["GET"]}}],"collection":[{"href":"https:\/\/myagencyinside.com\/maquettes\/son-plus-beau-reve\/wp-json\/wp\/v2\/pages"}],"about":[{"href":"https:\/\/myagencyinside.com\/maquettes\/son-plus-beau-reve\/wp-json\/wp\/v2\/types\/page"}],"author":[{"embeddable":true,"href":"https:\/\/myagencyinside.com\/maquettes\/son-plus-beau-reve\/wp-json\/wp\/v2\/users\/1"}],"replies":[{"embeddable":true,"href":"https:\/\/myagencyinside.com\/maquettes\/son-plus-beau-reve\/wp-json\/wp\/v2\/comments?post=2647"}],"version-history":[{"count":5,"href":"https:\/\/myagencyinside.com\/maquettes\/son-plus-beau-reve\/wp-json\/wp\/v2\/pages\/2647\/revisions"}],"predecessor-version":[{"id":2652,"href":"https:\/\/myagencyinside.com\/maquettes\/son-plus-beau-reve\/wp-json\/wp\/v2\/pages\/2647\/revisions\/2652"}],"wp:attachment":[{"href":"https:\/\/myagencyinside.com\/maquettes\/son-plus-beau-reve\/wp-json\/wp\/v2\/media?parent=2647"}],"curies":[{"name":"wp","href":"https:\/\/api.w.org\/{rel}","templated":true}]}}